{"id":10520,"date":"2024-04-25T11:07:47","date_gmt":"2024-04-25T09:07:47","guid":{"rendered":"https:\/\/www.ece-ehlers.de\/produkt\/ets-240-automatic-immersion-heater\/"},"modified":"2024-04-25T11:07:47","modified_gmt":"2024-04-25T09:07:47","slug":"ets-240-automatic-immersion-heater","status":"publish","type":"product","link":"https:\/\/www.ece-ehlers.de\/en\/produkt\/ets-240-automatic-immersion-heater\/","title":{"rendered":"ETS 240 Automatic Immersion Heater"},"content":{"rendered":"<p class=\"\" data-start=\"127\" data-end=\"634\">Dieser <b>ETS 240 <\/b>ist ein leistungsstarkes und zuverl\u00e4ssiges Ger\u00e4t zum schnellen Erhitzen von Wasser in verschiedenen Anwendungsbereichen. Mit einer Leistung von <strong data-start=\"294\" data-end=\"307\">2000 Watt<\/strong> und einer Betriebsspannung von <strong data-start=\"339\" data-end=\"351\">230 Volt<\/strong> eignet sich dieses Modell besonders f\u00fcr den Einsatz in <strong data-start=\"407\" data-end=\"447\">Haushalten und \u00e4hnlichen Anwendungen<\/strong> (z.\u202fB. Mitarbeiterk\u00fcchen in B\u00fcros, kleinen Gewerbebetrieben oder L\u00e4den), <strong data-start=\"521\" data-end=\"555\">landwirtschaftlichen Betrieben<\/strong> sowie in <strong data-start=\"565\" data-end=\"633\">Hotels, Motels, Fr\u00fchst\u00fcckspensionen und \u00e4hnlichen Wohnumgebungen<\/strong>. <\/p>\n<p class=\"\" data-start=\"636\" data-end=\"963\">Dank seiner kompakten Bauweise und einfachen Handhabung ist der Tauchsieder eine praktische L\u00f6sung f\u00fcr das kurzfristige Erhitzen von <strong data-start=\"769\" data-end=\"799\">Wassermengen bis 20 Litern<\/strong>. F\u00fcr einen sicheren Betrieb muss das verwendete Gef\u00e4\u00df <strong data-start=\"854\" data-end=\"879\">mindestens 26 cm tief<\/strong> sein, um das Heizelement vollst\u00e4ndig zu bedecken und eine \u00dcberhitzung zu vermeiden. <\/p>\n<p class=\"\" data-start=\"965\" data-end=\"1593\">Das Ger\u00e4t ist mit einem hochwertigen Heizelement ausgestattet, das f\u00fcr eine effiziente und gleichm\u00e4\u00dfige W\u00e4rme\u00fcbertragung sorgt. Ein wesentliches Sicherheitsmerkmal ist das im Griff integrierte <g id=\"gid_0\">Schaltwerk<\/g>, das den Tauchsieder bei Betrieb ohne ausreichende Wassermenge automatisch abschaltet. Nach einer kurzen Abk\u00fchlzeit l\u00e4sst sich der Tauchsieder durch <g id=\"gid_1\">festes Dr\u00fccken des Knopfes im Griffst\u00fcck<\/g> wieder aktivieren. Anschlie\u00dfend ist das Ger\u00e4t wieder <g id=\"gid_2\">voll funktionsf\u00e4hig<\/g> und einsatzbereit. Diese Schutzfunktion erh\u00f6ht nicht nur die Sicherheit im t\u00e4glichen Gebrauch, sondern tr\u00e4gt auch zur Langlebigkeit des Produkts bei.    <\/p>\n<p class=\"\" data-start=\"1595\" data-end=\"1901\">Das Geh\u00e4use des Griffs besteht aus robustem, hitzebest\u00e4ndigem Kunststoff, der eine sichere Handhabung gew\u00e4hrleistet. Die Bedienung ist einfach und intuitiv: Der Tauchsieder wird in ein geeignetes Wassergef\u00e4\u00df eingetaucht, an eine Steckdose angeschlossen und beginnt unmittelbar mit dem Erw\u00e4rmen des Wassers. <\/p>\n<p class=\"\" data-start=\"1903\" data-end=\"2093\">Der Tauchsieder erf\u00fcllt alle g\u00e4ngigen Sicherheitsstandards und eignet sich durch seine Leistung und Zuverl\u00e4ssigkeit sowohl f\u00fcr den privaten Gebrauch als auch f\u00fcr den professionellen Einsatz.<\/p>\n<p class=\"\" data-start=\"2095\" data-end=\"2118\"><strong data-start=\"2095\" data-end=\"2116\">Technische Daten:<\/strong><\/p>\n<ul data-start=\"2119\" data-end=\"2388\">\n<li class=\"\" data-start=\"2119\" data-end=\"2142\">\n<p class=\"\" data-start=\"2121\" data-end=\"2142\">Leistung: 2000 Watt<\/p>\n<\/li>\n<li class=\"\" data-start=\"2143\" data-end=\"2165\">\n<p class=\"\" data-start=\"2145\" data-end=\"2165\">Spannung: 230 Volt<\/p>\n<\/li>\n<li class=\"\" data-start=\"2166\" data-end=\"2309\">\n<p class=\"\" data-start=\"2168\" data-end=\"2309\">Sicherheitsfunktion: Schaltwerk im Griff bei \u00dcberhitzung ohne Wasser (nach Abk\u00fchlung durch Dr\u00fccken des Knopfes im Griffst\u00fcck zur\u00fccksetzbar)<\/p>\n<\/li>\n<li class=\"\" data-start=\"2310\" data-end=\"2345\">\n<p class=\"\" data-start=\"2312\" data-end=\"2345\">Mindesttiefe des Gef\u00e4\u00dfes: 26 cm<\/p>\n<\/li>\n<li class=\"\" data-start=\"2346\" data-end=\"2388\">\n<p class=\"\" data-start=\"2348\" data-end=\"2388\">Geeignet f\u00fcr Wassermengen bis 20 Liter<\/p>\n<\/li>\n<\/ul>\n","protected":false},"excerpt":{"rendered":"<p>Dieser ETS 240 ist ein leistungsstarkes und zuverl\u00e4ssiges Ger\u00e4t zum schnellen Erhitzen von Wasser in verschiedenen Anwendungsbereichen. Mit einer Leistung von 2000 Watt und einer Betriebsspannung von 230 Volt eignet sich dieses Modell besonders f\u00fcr den Einsatz in Haushalten und \u00e4hnlichen Anwendungen (z.\u202fB. Mitarbeiterk\u00fcchen in B\u00fcros, kleinen Gewerbebetrieben oder L\u00e4den), landwirtschaftlichen Betrieben sowie in Hotels, [&hellip;]<\/p>\n","protected":false},"featured_media":9855,"comment_status":"open","ping_status":"closed","template":"","meta":{"iawp_total_views":5},"product_brand":[],"product_cat":[114],"product_tag":[],"class_list":{"0":"post-10520","1":"product","2":"type-product","3":"status-publish","4":"has-post-thumbnail","6":"product_cat-immersion-heater","7":"product_shipping_class-standard","9":"first","10":"outofstock","11":"taxable","12":"shipping-taxable","13":"purchasable","14":"product-type-simple"},"_links":{"self":[{"href":"https:\/\/www.ece-ehlers.de\/en\/wp-json\/wp\/v2\/product\/10520","targetHints":{"allow":["GET"]}}],"collection":[{"href":"https:\/\/www.ece-ehlers.de\/en\/wp-json\/wp\/v2\/product"}],"about":[{"href":"https:\/\/www.ece-ehlers.de\/en\/wp-json\/wp\/v2\/types\/product"}],"replies":[{"embeddable":true,"href":"https:\/\/www.ece-ehlers.de\/en\/wp-json\/wp\/v2\/comments?post=10520"}],"version-history":[{"count":0,"href":"https:\/\/www.ece-ehlers.de\/en\/wp-json\/wp\/v2\/product\/10520\/revisions"}],"wp:featuredmedia":[{"embeddable":true,"href":"https:\/\/www.ece-ehlers.de\/en\/wp-json\/wp\/v2\/media\/9855"}],"wp:attachment":[{"href":"https:\/\/www.ece-ehlers.de\/en\/wp-json\/wp\/v2\/media?parent=10520"}],"wp:term":[{"taxonomy":"product_brand","embeddable":true,"href":"https:\/\/www.ece-ehlers.de\/en\/wp-json\/wp\/v2\/product_brand?post=10520"},{"taxonomy":"product_cat","embeddable":true,"href":"https:\/\/www.ece-ehlers.de\/en\/wp-json\/wp\/v2\/product_cat?post=10520"},{"taxonomy":"product_tag","embeddable":true,"href":"https:\/\/www.ece-ehlers.de\/en\/wp-json\/wp\/v2\/product_tag?post=10520"}],"curies":[{"name":"wp","href":"https:\/\/api.w.org\/{rel}","templated":true}]}}